{"id":393,"date":"2023-08-01T18:51:23","date_gmt":"2023-08-01T21:51:23","guid":{"rendered":"https:\/\/gvcursos.com.br\/?page_id=393"},"modified":"2023-08-02T00:11:14","modified_gmt":"2023-08-02T03:11:14","slug":"teste","status":"publish","type":"page","link":"https:\/\/gvcursos.com.br\/index.php\/teste\/","title":{"rendered":"Teste"},"content":{"rendered":"\t\t<div data-elementor-type=\"wp-page\" data-elementor-id=\"393\" class=\"elementor elementor-393\">\n\t\t\t\t\t\t\t\t\t<section class=\"elementor-section elementor-top-section elementor-element elementor-element-eacc2e5 elementor-section-boxed elementor-section-height-default elementor-section-height-default\" data-id=\"eacc2e5\" data-element_type=\"section\">\n\t\t\t\t\t\t<div class=\"elementor-container elementor-column-gap-default\">\n\t\t\t\t\t<div class=\"elementor-column elementor-col-100 elementor-top-column elementor-element elementor-element-e15c8fe\" data-id=\"e15c8fe\" data-element_type=\"column\" data-settings=\"{&quot;background_background&quot;:&quot;gradient&quot;}\">\n\t\t\t<div class=\"elementor-widget-wrap elementor-element-populated\">\n\t\t\t\t\t\t\t\t<div class=\"elementor-element elementor-element-eac2169 elementor-widget elementor-widget-heading\" data-id=\"eac2169\" data-element_type=\"widget\" data-widget_type=\"heading.default\">\n\t\t\t\t<div class=\"elementor-widget-container\">\n\t\t\t<style>\/*! elementor - v3.14.0 - 26-06-2023 *\/\n.elementor-heading-title{padding:0;margin:0;line-height:1}.elementor-widget-heading .elementor-heading-title[class*=elementor-size-]>a{color:inherit;font-size:inherit;line-height:inherit}.elementor-widget-heading .elementor-heading-title.elementor-size-small{font-size:15px}.elementor-widget-heading .elementor-heading-title.elementor-size-medium{font-size:19px}.elementor-widget-heading .elementor-heading-title.elementor-size-large{font-size:29px}.elementor-widget-heading .elementor-heading-title.elementor-size-xl{font-size:39px}.elementor-widget-heading .elementor-heading-title.elementor-size-xxl{font-size:59px}<\/style><h3 class=\"elementor-heading-title elementor-size-default\">Descubra como criar a renda, a liberdade e o estilo de vida que voc\u00ea deseja ... \ncom conhecimento r\u00e1pido<\/h3>\t\t<\/div>\n\t\t\t\t<\/div>\n\t\t\t\t<div class=\"elementor-element elementor-element-78a7639 elementor-widget elementor-widget-text-editor\" data-id=\"78a7639\" data-element_type=\"widget\" data-widget_type=\"text-editor.default\">\n\t\t\t\t<div class=\"elementor-widget-container\">\n\t\t\t<style>\/*! elementor - v3.14.0 - 26-06-2023 *\/\n.elementor-widget-text-editor.elementor-drop-cap-view-stacked .elementor-drop-cap{background-color:#69727d;color:#fff}.elementor-widget-text-editor.elementor-drop-cap-view-framed .elementor-drop-cap{color:#69727d;border:3px solid;background-color:transparent}.elementor-widget-text-editor:not(.elementor-drop-cap-view-default) .elementor-drop-cap{margin-top:8px}.elementor-widget-text-editor:not(.elementor-drop-cap-view-default) .elementor-drop-cap-letter{width:1em;height:1em}.elementor-widget-text-editor .elementor-drop-cap{float:left;text-align:center;line-height:1;font-size:50px}.elementor-widget-text-editor .elementor-drop-cap-letter{display:inline-block}<\/style>\t\t\t\t<p><strong>(Sem ter que sair de casa)<\/strong><\/p><p><strong>Assista ao v\u00eddeo e descubra como<\/strong><\/p>\t\t\t\t\t\t<\/div>\n\t\t\t\t<\/div>\n\t\t\t\t<div class=\"elementor-element elementor-element-5b2736a elementor-widget elementor-widget-video\" data-id=\"5b2736a\" data-element_type=\"widget\" data-settings=\"{&quot;youtube_url&quot;:&quot;https:\\\/\\\/youtu.be\\\/1ArAJd27qrI&quot;,&quot;autoplay&quot;:&quot;yes&quot;,&quot;play_on_mobile&quot;:&quot;yes&quot;,&quot;video_type&quot;:&quot;youtube&quot;}\" data-widget_type=\"video.default\">\n\t\t\t\t<div class=\"elementor-widget-container\">\n\t\t\t<style>\/*! elementor - v3.14.0 - 26-06-2023 *\/\n.elementor-widget-video .elementor-widget-container{overflow:hidden;transform:translateZ(0)}.elementor-widget-video .elementor-wrapper{aspect-ratio:var(--video-aspect-ratio)}.elementor-widget-video .elementor-wrapper iframe,.elementor-widget-video .elementor-wrapper video{height:100%;width:100%;display:flex;border:none;background-color:#000}@supports not (aspect-ratio:1\/1){.elementor-widget-video .elementor-wrapper{position:relative;overflow:hidden;height:0;padding-bottom:calc(100% \/ var(--video-aspect-ratio))}.elementor-widget-video .elementor-wrapper iframe,.elementor-widget-video .elementor-wrapper video{position:absolute;top:0;right:0;bottom:0;left:0}}.elementor-widget-video .elementor-open-inline .elementor-custom-embed-image-overlay{position:absolute;top:0;left:0;width:100%;height:100%;background-size:cover;background-position:50%}.elementor-widget-video .elementor-custom-embed-image-overlay{cursor:pointer;text-align:center}.elementor-widget-video .elementor-custom-embed-image-overlay:hover .elementor-custom-embed-play i{opacity:1}.elementor-widget-video .elementor-custom-embed-image-overlay img{display:block;width:100%}.elementor-widget-video .e-hosted-video .elementor-video{-o-object-fit:cover;object-fit:cover}.e-con-inner>.elementor-widget-video,.e-con>.elementor-widget-video{width:var(--container-widget-width);--flex-grow:var(--container-widget-flex-grow)}<\/style>\t\t<div class=\"elementor-wrapper elementor-open-inline\">\n\t\t\t<div class=\"elementor-video\"><\/div>\t\t<\/div>\n\t\t\t\t<\/div>\n\t\t\t\t<\/div>\n\t\t\t\t<div class=\"elementor-element elementor-element-ccc893e elementor-align-justify elementor-widget elementor-widget-button\" data-id=\"ccc893e\" data-element_type=\"widget\" data-widget_type=\"button.default\">\n\t\t\t\t<div class=\"elementor-widget-container\">\n\t\t\t\t\t<div class=\"elementor-button-wrapper\">\n\t\t\t<a class=\"elementor-button elementor-button-link elementor-size-xl\" href=\"https:\/\/go.hotmart.com\/C85416704C?ap=ff7d\">\n\t\t\t\t\t\t<span class=\"elementor-button-content-wrapper\">\n\t\t\t\t\t\t<span class=\"elementor-button-text\">Clique aqui<\/span>\n\t\t<\/span>\n\t\t\t\t\t<\/a>\n\t\t<\/div>\n\t\t\t\t<\/div>\n\t\t\t\t<\/div>\n\t\t\t\t\t<\/div>\n\t\t<\/div>\n\t\t\t\t\t\t\t<\/div>\n\t\t<\/section>\n\t\t\t\t<section class=\"elementor-section elementor-top-section elementor-element elementor-element-83f4005 elementor-section-boxed elementor-section-height-default elementor-section-height-default\" data-id=\"83f4005\" data-element_type=\"section\">\n\t\t\t\t\t\t<div class=\"elementor-container elementor-column-gap-default\">\n\t\t\t\t\t<div class=\"elementor-column elementor-col-100 elementor-top-column elementor-element elementor-element-f961fb5\" data-id=\"f961fb5\" data-element_type=\"column\">\n\t\t\t<div class=\"elementor-widget-wrap elementor-element-populated\">\n\t\t\t\t\t\t\t\t<div class=\"elementor-element elementor-element-1a28d0f elementor-widget elementor-widget-text-editor\" data-id=\"1a28d0f\" data-element_type=\"widget\" data-widget_type=\"text-editor.default\">\n\t\t\t\t<div class=\"elementor-widget-container\">\n\t\t\t\t\t\t\t<p><strong>Voc\u00ea muito provavelmente est\u00e1 sobrevivendo, e esperan\u00e7osamente espera poder ter um Neg\u00f3cio Online para mudar sua renda atual e conseguir criar a vida que voc\u00ea sempre sonhou, Certo?<\/strong><\/p><p><strong>Hoje eu vou te ensinar a usar uma das maiores empresa do mundo para ser bem recompensado por Isso!<\/strong><\/p>\t\t\t\t\t\t<\/div>\n\t\t\t\t<\/div>\n\t\t\t\t<section class=\"elementor-section elementor-inner-section elementor-element elementor-element-9e172e7 elementor-section-boxed elementor-section-height-default elementor-section-height-default\" data-id=\"9e172e7\" data-element_type=\"section\">\n\t\t\t\t\t\t<div class=\"elementor-container elementor-column-gap-default\">\n\t\t\t\t\t<div class=\"elementor-column elementor-col-50 elementor-inner-column elementor-element elementor-element-2246f73\" data-id=\"2246f73\" data-element_type=\"column\">\n\t\t\t<div class=\"elementor-widget-wrap elementor-element-populated\">\n\t\t\t\t\t\t\t\t<div class=\"elementor-element elementor-element-816fddf elementor-widget elementor-widget-image\" data-id=\"816fddf\" data-element_type=\"widget\" data-widget_type=\"image.default\">\n\t\t\t\t<div class=\"elementor-widget-container\">\n\t\t\t<style>\/*! elementor - v3.14.0 - 26-06-2023 *\/\n.elementor-widget-image{text-align:center}.elementor-widget-image a{display:inline-block}.elementor-widget-image a img[src$=\".svg\"]{width:48px}.elementor-widget-image img{vertical-align:middle;display:inline-block}<\/style>\t\t\t\t\t\t\t\t\t\t\t\t<img decoding=\"async\" width=\"263\" height=\"350\" src=\"https:\/\/gvcursos.com.br\/wp-content\/uploads\/2023\/08\/Cartao-Identificacao.jpg\" class=\"attachment-medium_large size-medium_large wp-image-406\" alt=\"\" loading=\"lazy\" srcset=\"https:\/\/gvcursos.com.br\/wp-content\/uploads\/2023\/08\/Cartao-Identificacao.jpg 263w, https:\/\/gvcursos.com.br\/wp-content\/uploads\/2023\/08\/Cartao-Identificacao-225x300.jpg 225w\" sizes=\"(max-width: 263px) 100vw, 263px\" \/>\t\t\t\t\t\t\t\t\t\t\t\t\t\t\t<\/div>\n\t\t\t\t<\/div>\n\t\t\t\t<div class=\"elementor-element elementor-element-1d64633 elementor-widget elementor-widget-text-editor\" data-id=\"1d64633\" data-element_type=\"widget\" data-widget_type=\"text-editor.default\">\n\t\t\t\t<div class=\"elementor-widget-container\">\n\t\t\t\t\t\t\t<p><strong>Eu era bolsista do curso de ci\u00eancia da computa\u00e7\u00e3o, pelo Enem, 100% integral da Univali-SC.<\/strong><\/p><p><strong>Estava na universidade em um curso disputado e com alto valor para profissionais de mercado.<\/strong><\/p><p><strong>Por\u00e9m estava passando por dificuldades financeiras, e em casa, vendo v\u00eddeos motivacionais, e pedindo para Deus algo que pudesse mudar a minha vida financeiramente com F\u00e9, veio a voz interior que precisava para me impulsionar para uma ideia e para a a\u00e7\u00e3o.<\/strong><\/p><p><strong>Em 2016, sem nenhum Real no bolso, em um s\u00e1bado, as 20h da noite sai e fechei 3 neg\u00f3cios, voltando com 150 Reais para casa as 21:30h, al\u00e9m de ter comido um buffet de Sushi de gra\u00e7a, rsrs.<\/strong><\/p><p><strong>Foi ai ent\u00e3o que percebi o grande potencial e comecei a aplicar, logo ap\u00f3s, larguei a Universidade, e o est\u00e1gio de 1600 Reais de 6h, pois virava As noites fazendo trabalhos exaustivos, e nas 6h de est\u00e1gio perdia de ganhar em m\u00e9dia 600 Reais por dia, o que me deixava indignado.<\/strong><\/p><p><strong>Resolvi ganhar a vida primeiro, para fazer meu p\u00e9 de meia, e um dia voltar para a Universidade por hobby.<\/strong><\/p><p><strong>Pois estava ganhando mais do que qualquer emprego.<\/strong><\/p><p><strong>Ent\u00e3o fui testando e refinando t\u00e9cnicas at\u00e9 que ficassem avan\u00e7adas, e percebi que a decis\u00e3o que havia tomado foi a melhor da minha vida, pois comecei a faturar muito.<\/strong><\/p><p><strong>Os meus amigos e conhecidos, passaram a me chamar para tomar caf\u00e9, procurando consultorias para saber como eu tinha dado um pulo financeiro t\u00e3o grande, pois j\u00e1 era vis\u00edvel minha nova condi\u00e7\u00e3o de vida, havia comprado meu sonho, de ter um AUDI, e queriam saber como poderiam fazer o mesmo.<\/strong><\/p><p><strong>A boa not\u00edcia para voc\u00ea \u00e9 que voc\u00ea n\u00e3o precisa pagar o que eu te cobraria por este caf\u00e9, pois a minha hora hoje \u00e9 muito cara, e voc\u00ea nem precisar\u00e1 dos 7 anos que eu tive que obter de experi\u00eancia e aperfei\u00e7oamento para colocar a m\u00e3o nas t\u00e9cnicas que eu refinei.<\/strong><\/p><p><strong>S\u00e3o 7 anos de evolu\u00e7\u00e3o constante, reforma de Casa, Carros, Motos, Viagens, Amigos Empres\u00e1rios, Dinheiro na Conta e Fam\u00edlia crescendo feliz com tudo que precisa, sem se preocupar com o financeiro.<\/strong><\/p>\t\t\t\t\t\t<\/div>\n\t\t\t\t<\/div>\n\t\t\t\t\t<\/div>\n\t\t<\/div>\n\t\t\t\t<div class=\"elementor-column elementor-col-50 elementor-inner-column elementor-element elementor-element-7fba03d\" data-id=\"7fba03d\" data-element_type=\"column\">\n\t\t\t<div class=\"elementor-widget-wrap elementor-element-populated\">\n\t\t\t\t\t\t\t\t<div class=\"elementor-element elementor-element-f5cd97a elementor-widget elementor-widget-image\" data-id=\"f5cd97a\" data-element_type=\"widget\" data-widget_type=\"image.default\">\n\t\t\t\t<div class=\"elementor-widget-container\">\n\t\t\t\t\t\t\t\t\t\t\t\t\t\t\t<img decoding=\"async\" width=\"430\" height=\"197\" src=\"https:\/\/gvcursos.com.br\/wp-content\/uploads\/2023\/08\/Mercedes.webp\" class=\"attachment-large size-large wp-image-408\" alt=\"\" loading=\"lazy\" srcset=\"https:\/\/gvcursos.com.br\/wp-content\/uploads\/2023\/08\/Mercedes.webp 430w, https:\/\/gvcursos.com.br\/wp-content\/uploads\/2023\/08\/Mercedes-300x137.webp 300w\" sizes=\"(max-width: 430px) 100vw, 430px\" \/>\t\t\t\t\t\t\t\t\t\t\t\t\t\t\t<\/div>\n\t\t\t\t<\/div>\n\t\t\t\t<div class=\"elementor-element elementor-element-800fe8c elementor-widget__width-initial elementor-widget elementor-widget-text-editor\" data-id=\"800fe8c\" data-element_type=\"widget\" data-widget_type=\"text-editor.default\">\n\t\t\t\t<div class=\"elementor-widget-container\">\n\t\t\t\t\t\t\t<p><b>Trabalho como Fotografo de confian\u00e7a do Google (Google Trusted) tenho 115 milh\u00f5es de visualiza\u00e7\u00f5es dos meus trabalhos, j\u00e1 atendi as maiores empresas da grande Florian\u00f3polis, e estou revelando como trabalhar com o Google, um dossi\u00ea completo, simples e r\u00e1pido, de como Fazer\u00a0 1 mil reais por dia com Google Maps, Google Meu Neg\u00f3cio, Google ADS + Tour Virtual e Tour Virtual Personalizado, mais no\u00e7\u00f5es de Marketing Pessoal e Profissional. direto ao ponto, em uma hora a pessoa estar\u00e1 Apta a fazer rapidamente 400, 600, 800 Reais por dia. com crescimento r\u00e1pido de ganhos e grande aceita\u00e7\u00e3o no Mercado. vender este produto \u00e9 ajudar pessoas a terem mais qualidade de vida, se libertarem da CLT, do Chefe e do Ponto. Por liberdade f\u00edsica e financeira, mais tempo para a Fam\u00edlia e para a voc\u00ea mesmo. <\/b><\/p><p><b>Produto com pre\u00e7o baixo para a entregar que faz, pre\u00e7o de lan\u00e7amento, oportunidade, praticamente dado. <\/b><\/p><ul><li><b>B\u00f4nus Tour Virtual Google e Tour Virtual Personalizado.<\/b><\/li><li><b>Google Maps 200 Reais por Trabalho <\/b><\/li><li><b>Google Ads 1200 Reais por Trabalho <\/b><\/li><li><b>Google Tour Virtual 1200 Reais por Trabalho <\/b><\/li><li><b>Tour Virtual Personalizado 2400 Reais por Trabalho <\/b><\/li><li><b>Mais 100k de Brinde que equivalem a 100 Cursos de 1k <\/b><\/li><\/ul><p><b>Aprender tudo isto por apenas R$197 Reais est\u00e1 dado.<\/b><\/p><p><b> Vamos, juntos,\u00a0 fazer o bem, ajudar quem precisa, e sermos recompensados por isto!!!<\/b><\/p>\t\t\t\t\t\t<\/div>\n\t\t\t\t<\/div>\n\t\t\t\t\t<\/div>\n\t\t<\/div>\n\t\t\t\t\t\t\t<\/div>\n\t\t<\/section>\n\t\t\t\t\t<\/div>\n\t\t<\/div>\n\t\t\t\t\t\t\t<\/div>\n\t\t<\/section>\n\t\t\t\t<section class=\"elementor-section elementor-top-section elementor-element elementor-element-0c96a3e elementor-section-boxed elementor-section-height-default elementor-section-height-default\" data-id=\"0c96a3e\" data-element_type=\"section\">\n\t\t\t\t\t\t<div class=\"elementor-container elementor-column-gap-default\">\n\t\t\t\t\t<div class=\"elementor-column elementor-col-100 elementor-top-column elementor-element elementor-element-f0750a4\" data-id=\"f0750a4\" data-element_type=\"column\">\n\t\t\t<div class=\"elementor-widget-wrap elementor-element-populated\">\n\t\t\t\t\t\t\t\t<div class=\"elementor-element elementor-element-f42ba41 elementor-widget elementor-widget-image\" data-id=\"f42ba41\" data-element_type=\"widget\" data-widget_type=\"image.default\">\n\t\t\t\t<div class=\"elementor-widget-container\">\n\t\t\t\t\t\t\t\t\t\t\t\t\t\t\t<img decoding=\"async\" width=\"426\" height=\"320\" src=\"https:\/\/gvcursos.com.br\/wp-content\/uploads\/2023\/08\/Dinheiro.webp\" class=\"attachment-large size-large wp-image-488\" alt=\"\" loading=\"lazy\" srcset=\"https:\/\/gvcursos.com.br\/wp-content\/uploads\/2023\/08\/Dinheiro.webp 426w, https:\/\/gvcursos.com.br\/wp-content\/uploads\/2023\/08\/Dinheiro-300x225.webp 300w\" sizes=\"(max-width: 426px) 100vw, 426px\" \/>\t\t\t\t\t\t\t\t\t\t\t\t\t\t\t<\/div>\n\t\t\t\t<\/div>\n\t\t\t\t<div class=\"elementor-element elementor-element-9d93045 elementor-widget elementor-widget-text-editor\" data-id=\"9d93045\" data-element_type=\"widget\" data-widget_type=\"text-editor.default\">\n\t\t\t\t<div class=\"elementor-widget-container\">\n\t\t\t\t\t\t\t<p><strong>Vou te ensinar a usar uma das maiores empresa do mundo para ser bem recompensado por Isso!<\/strong><\/p><p><strong>Tenha acesso ao programa FATURE 1 K por dia com o Google <\/strong><strong>com 75% de desconto hoje.<\/strong><\/p><p><strong>(Sem Contar o B\u00f4nus 4 que por si s\u00f3 vale por tudo).<\/strong><\/p>\t\t\t\t\t\t<\/div>\n\t\t\t\t<\/div>\n\t\t\t\t<div class=\"elementor-element elementor-element-da5fb20 elementor-widget elementor-widget-image\" data-id=\"da5fb20\" data-element_type=\"widget\" data-widget_type=\"image.default\">\n\t\t\t\t<div class=\"elementor-widget-container\">\n\t\t\t\t\t\t\t\t\t\t\t\t\t\t\t<img decoding=\"async\" width=\"898\" height=\"505\" src=\"https:\/\/gvcursos.com.br\/wp-content\/uploads\/2023\/08\/google-home-office-lucrativo-3.png\" class=\"attachment-large size-large wp-image-544\" alt=\"\" loading=\"lazy\" srcset=\"https:\/\/gvcursos.com.br\/wp-content\/uploads\/2023\/08\/google-home-office-lucrativo-3.png 898w, https:\/\/gvcursos.com.br\/wp-content\/uploads\/2023\/08\/google-home-office-lucrativo-3-300x169.png 300w, https:\/\/gvcursos.com.br\/wp-content\/uploads\/2023\/08\/google-home-office-lucrativo-3-768x432.png 768w\" sizes=\"(max-width: 898px) 100vw, 898px\" \/>\t\t\t\t\t\t\t\t\t\t\t\t\t\t\t<\/div>\n\t\t\t\t<\/div>\n\t\t\t\t<div class=\"elementor-element elementor-element-1980efb elementor-align-justify elementor-widget elementor-widget-button\" data-id=\"1980efb\" data-element_type=\"widget\" data-widget_type=\"button.default\">\n\t\t\t\t<div class=\"elementor-widget-container\">\n\t\t\t\t\t<div class=\"elementor-button-wrapper\">\n\t\t\t<a class=\"elementor-button elementor-button-link elementor-size-xl\" href=\"https:\/\/go.hotmart.com\/C85416704C?ap=ff7d\">\n\t\t\t\t\t\t<span class=\"elementor-button-content-wrapper\">\n\t\t\t\t\t\t<span class=\"elementor-button-text\">CLIQUE AQUI e VENHA COMIGO<\/span>\n\t\t<\/span>\n\t\t\t\t\t<\/a>\n\t\t<\/div>\n\t\t\t\t<\/div>\n\t\t\t\t<\/div>\n\t\t\t\t\t<\/div>\n\t\t<\/div>\n\t\t\t\t\t\t\t<\/div>\n\t\t<\/section>\n\t\t\t\t<section class=\"elementor-section elementor-top-section elementor-element elementor-element-7f1b733 elementor-section-boxed elementor-section-height-default elementor-section-height-default\" data-id=\"7f1b733\" data-element_type=\"section\">\n\t\t\t\t\t\t<div class=\"elementor-container elementor-column-gap-default\">\n\t\t\t\t\t<div class=\"elementor-column elementor-col-100 elementor-top-column elementor-element elementor-element-6744c06\" data-id=\"6744c06\" data-element_type=\"column\">\n\t\t\t<div class=\"elementor-widget-wrap\">\n\t\t\t\t\t\t\t\t\t<\/div>\n\t\t<\/div>\n\t\t\t\t\t\t\t<\/div>\n\t\t<\/section>\n\t\t\t\t<section class=\"elementor-section elementor-top-section elementor-element elementor-element-afc5022 elementor-section-boxed elementor-section-height-default elementor-section-height-default\" data-id=\"afc5022\" data-element_type=\"section\">\n\t\t\t\t\t\t<div class=\"elementor-container elementor-column-gap-default\">\n\t\t\t\t\t<div class=\"elementor-column elementor-col-100 elementor-top-column elementor-element elementor-element-e0aae17\" data-id=\"e0aae17\" data-element_type=\"column\">\n\t\t\t<div class=\"elementor-widget-wrap elementor-element-populated\">\n\t\t\t\t\t\t\t\t<div class=\"elementor-element elementor-element-2ebaa87 elementor-widget elementor-widget-image\" data-id=\"2ebaa87\" data-element_type=\"widget\" data-widget_type=\"image.default\">\n\t\t\t\t<div class=\"elementor-widget-container\">\n\t\t\t\t\t\t\t\t\t\t\t\t\t\t\t<img decoding=\"async\" width=\"1024\" height=\"410\" src=\"https:\/\/gvcursos.com.br\/wp-content\/uploads\/2023\/08\/Valores-1024x410.png\" class=\"attachment-large size-large wp-image-548\" alt=\"\" loading=\"lazy\" srcset=\"https:\/\/gvcursos.com.br\/wp-content\/uploads\/2023\/08\/Valores-1024x410.png 1024w, https:\/\/gvcursos.com.br\/wp-content\/uploads\/2023\/08\/Valores-300x120.png 300w, https:\/\/gvcursos.com.br\/wp-content\/uploads\/2023\/08\/Valores-768x308.png 768w, https:\/\/gvcursos.com.br\/wp-content\/uploads\/2023\/08\/Valores.png 1343w\" sizes=\"(max-width: 1024px) 100vw, 1024px\" \/>\t\t\t\t\t\t\t\t\t\t\t\t\t\t\t<\/div>\n\t\t\t\t<\/div>\n\t\t\t\t\t<\/div>\n\t\t<\/div>\n\t\t\t\t\t\t\t<\/div>\n\t\t<\/section>\n\t\t\t\t<section class=\"elementor-section elementor-top-section elementor-element elementor-element-27fd89b elementor-section-boxed elementor-section-height-default elementor-section-height-default\" data-id=\"27fd89b\" data-element_type=\"section\">\n\t\t\t\t\t\t<div class=\"elementor-container elementor-column-gap-default\">\n\t\t\t\t\t<div class=\"elementor-column elementor-col-100 elementor-top-column elementor-element elementor-element-2bc1bfa\" data-id=\"2bc1bfa\" data-element_type=\"column\">\n\t\t\t<div class=\"elementor-widget-wrap elementor-element-populated\">\n\t\t\t\t\t\t\t\t<div class=\"elementor-element elementor-element-6753977 elementor-widget elementor-widget-image\" data-id=\"6753977\" data-element_type=\"widget\" data-widget_type=\"image.default\">\n\t\t\t\t<div class=\"elementor-widget-container\">\n\t\t\t\t\t\t\t\t\t\t\t\t\t\t\t<img decoding=\"async\" width=\"1024\" height=\"408\" src=\"https:\/\/gvcursos.com.br\/wp-content\/uploads\/2023\/08\/Garantia-1024x408.png\" class=\"attachment-large size-large wp-image-552\" alt=\"\" loading=\"lazy\" srcset=\"https:\/\/gvcursos.com.br\/wp-content\/uploads\/2023\/08\/Garantia-1024x408.png 1024w, https:\/\/gvcursos.com.br\/wp-content\/uploads\/2023\/08\/Garantia-300x120.png 300w, https:\/\/gvcursos.com.br\/wp-content\/uploads\/2023\/08\/Garantia-768x306.png 768w, https:\/\/gvcursos.com.br\/wp-content\/uploads\/2023\/08\/Garantia.png 1335w\" sizes=\"(max-width: 1024px) 100vw, 1024px\" \/>\t\t\t\t\t\t\t\t\t\t\t\t\t\t\t<\/div>\n\t\t\t\t<\/div>\n\t\t\t\t\t<\/div>\n\t\t<\/div>\n\t\t\t\t\t\t\t<\/div>\n\t\t<\/section>\n\t\t\t\t\t\t\t<\/div>\n\t\t","protected":false},"excerpt":{"rendered":"<p>Descubra como criar a renda, a liberdade e o estilo de vida que voc\u00ea deseja &#8230; com conhecimento r\u00e1pido (Sem ter que sair de casa) Assista ao v\u00eddeo e descubra como https:\/\/youtu.be\/1ArAJd27qrI Clique aqui Voc\u00ea muito provavelmente est\u00e1 sobrevivendo, e esperan\u00e7osamente espera poder ter um Neg\u00f3cio Online para mudar sua renda atual e conseguir criar [&hellip;]<\/p>\n","protected":false},"author":1,"featured_media":0,"parent":0,"menu_order":0,"comment_status":"closed","ping_status":"closed","template":"elementor_canvas","meta":[],"_links":{"self":[{"href":"https:\/\/gvcursos.com.br\/index.php\/wp-json\/wp\/v2\/pages\/393"}],"collection":[{"href":"https:\/\/gvcursos.com.br\/index.php\/wp-json\/wp\/v2\/pages"}],"about":[{"href":"https:\/\/gvcursos.com.br\/index.php\/wp-json\/wp\/v2\/types\/page"}],"author":[{"embeddable":true,"href":"https:\/\/gvcursos.com.br\/index.php\/wp-json\/wp\/v2\/users\/1"}],"replies":[{"embeddable":true,"href":"https:\/\/gvcursos.com.br\/index.php\/wp-json\/wp\/v2\/comments?post=393"}],"version-history":[{"count":155,"href":"https:\/\/gvcursos.com.br\/index.php\/wp-json\/wp\/v2\/pages\/393\/revisions"}],"predecessor-version":[{"id":559,"href":"https:\/\/gvcursos.com.br\/index.php\/wp-json\/wp\/v2\/pages\/393\/revisions\/559"}],"wp:attachment":[{"href":"https:\/\/gvcursos.com.br\/index.php\/wp-json\/wp\/v2\/media?parent=393"}],"curies":[{"name":"wp","href":"https:\/\/api.w.org\/{rel}","templated":true}]}}