{"id":250,"date":"2023-07-31T18:03:24","date_gmt":"2023-07-31T21:03:24","guid":{"rendered":"https:\/\/gvcursos.com.br\/?page_id=250"},"modified":"2023-08-02T11:42:03","modified_gmt":"2023-08-02T14:42:03","slug":"meu-negocio","status":"publish","type":"page","link":"https:\/\/gvcursos.com.br\/index.php\/meu-negocio\/","title":{"rendered":"LANDPAGE MEU NEG\u00d3CIO"},"content":{"rendered":"\t\t<div data-elementor-type=\"wp-page\" data-elementor-id=\"250\" class=\"elementor elementor-250\">\n\t\t\t\t\t\t\t\t\t<section class=\"elementor-section elementor-top-section elementor-element elementor-element-9386a18 elementor-section-boxed elementor-section-height-default elementor-section-height-default\" data-id=\"9386a18\" data-element_type=\"section\">\n\t\t\t\t\t\t<div class=\"elementor-container elementor-column-gap-default\">\n\t\t\t\t\t<div class=\"elementor-column elementor-col-100 elementor-top-column elementor-element elementor-element-508a7a3\" data-id=\"508a7a3\" data-element_type=\"column\">\n\t\t\t<div class=\"elementor-widget-wrap elementor-element-populated\">\n\t\t\t\t\t\t\t\t<div class=\"elementor-element elementor-element-fe4cc36 elementor-widget elementor-widget-spacer\" data-id=\"fe4cc36\" data-element_type=\"widget\" data-widget_type=\"spacer.default\">\n\t\t\t\t<div class=\"elementor-widget-container\">\n\t\t\t<style>\/*! elementor - v3.14.0 - 26-06-2023 *\/\n.elementor-column .elementor-spacer-inner{height:var(--spacer-size)}.e-con{--container-widget-width:100%}.e-con-inner>.elementor-widget-spacer,.e-con>.elementor-widget-spacer{width:var(--container-widget-width,var(--spacer-size));--align-self:var(--container-widget-align-self,initial);--flex-shrink:0}.e-con-inner>.elementor-widget-spacer>.elementor-widget-container,.e-con-inner>.elementor-widget-spacer>.elementor-widget-container>.elementor-spacer,.e-con>.elementor-widget-spacer>.elementor-widget-container,.e-con>.elementor-widget-spacer>.elementor-widget-container>.elementor-spacer{height:100%}.e-con-inner>.elementor-widget-spacer>.elementor-widget-container>.elementor-spacer>.elementor-spacer-inner,.e-con>.elementor-widget-spacer>.elementor-widget-container>.elementor-spacer>.elementor-spacer-inner{height:var(--container-widget-height,var(--spacer-size))}<\/style>\t\t<div class=\"elementor-spacer\">\n\t\t\t<div class=\"elementor-spacer-inner\"><\/div>\n\t\t<\/div>\n\t\t\t\t<\/div>\n\t\t\t\t<\/div>\n\t\t\t\t\t<\/div>\n\t\t<\/div>\n\t\t\t\t\t\t\t<\/div>\n\t\t<\/section>\n\t\t\t\t<section class=\"elementor-section elementor-top-section elementor-element elementor-element-c938825 elementor-section-boxed elementor-section-height-default elementor-section-height-default\" data-id=\"c938825\" data-element_type=\"section\">\n\t\t\t\t\t\t<div class=\"elementor-container elementor-column-gap-default\">\n\t\t\t\t\t<div class=\"elementor-column elementor-col-100 elementor-top-column elementor-element elementor-element-9311e13\" data-id=\"9311e13\" data-element_type=\"column\">\n\t\t\t<div class=\"elementor-widget-wrap elementor-element-populated\">\n\t\t\t\t\t\t\t\t<div class=\"elementor-element elementor-element-5b2f31c elementor-widget elementor-widget-heading\" data-id=\"5b2f31c\" data-element_type=\"widget\" data-widget_type=\"heading.default\">\n\t\t\t\t<div class=\"elementor-widget-container\">\n\t\t\t<style>\/*! elementor - v3.14.0 - 26-06-2023 *\/\n.elementor-heading-title{padding:0;margin:0;line-height:1}.elementor-widget-heading .elementor-heading-title[class*=elementor-size-]>a{color:inherit;font-size:inherit;line-height:inherit}.elementor-widget-heading .elementor-heading-title.elementor-size-small{font-size:15px}.elementor-widget-heading .elementor-heading-title.elementor-size-medium{font-size:19px}.elementor-widget-heading .elementor-heading-title.elementor-size-large{font-size:29px}.elementor-widget-heading .elementor-heading-title.elementor-size-xl{font-size:39px}.elementor-widget-heading .elementor-heading-title.elementor-size-xxl{font-size:59px}<\/style><h5 class=\"elementor-heading-title elementor-size-xl\">EU Cadastro para voc\u00ea!<\/h5>\t\t<\/div>\n\t\t\t\t<\/div>\n\t\t\t\t<div class=\"elementor-element elementor-element-f220b9c elementor-widget__width-initial elementor-widget-mobile__width-initial elementor-widget elementor-widget-image\" data-id=\"f220b9c\" data-element_type=\"widget\" data-widget_type=\"image.default\">\n\t\t\t\t<div class=\"elementor-widget-container\">\n\t\t\t<style>\/*! elementor - v3.14.0 - 26-06-2023 *\/\n.elementor-widget-image{text-align:center}.elementor-widget-image a{display:inline-block}.elementor-widget-image a img[src$=\".svg\"]{width:48px}.elementor-widget-image img{vertical-align:middle;display:inline-block}<\/style>\t\t\t\t\t\t\t\t\t\t\t\t<img decoding=\"async\" width=\"626\" height=\"525\" src=\"https:\/\/gvcursos.com.br\/wp-content\/uploads\/2023\/07\/Google-Maps-Ads-celular.png\" class=\"attachment-medium_large size-medium_large wp-image-257\" alt=\"\" loading=\"lazy\" srcset=\"https:\/\/gvcursos.com.br\/wp-content\/uploads\/2023\/07\/Google-Maps-Ads-celular.png 626w, https:\/\/gvcursos.com.br\/wp-content\/uploads\/2023\/07\/Google-Maps-Ads-celular-300x252.png 300w\" sizes=\"(max-width: 626px) 100vw, 626px\" \/>\t\t\t\t\t\t\t\t\t\t\t\t\t\t\t<\/div>\n\t\t\t\t<\/div>\n\t\t\t\t\t<\/div>\n\t\t<\/div>\n\t\t\t\t\t\t\t<\/div>\n\t\t<\/section>\n\t\t\t\t<section class=\"elementor-section elementor-top-section elementor-element elementor-element-d68b8a4 elementor-section-boxed elementor-section-height-default elementor-section-height-default\" data-id=\"d68b8a4\" data-element_type=\"section\">\n\t\t\t\t\t\t<div class=\"elementor-container elementor-column-gap-default\">\n\t\t\t\t\t<div class=\"elementor-column elementor-col-100 elementor-top-column elementor-element elementor-element-07cd1d5\" data-id=\"07cd1d5\" data-element_type=\"column\">\n\t\t\t<div class=\"elementor-widget-wrap elementor-element-populated\">\n\t\t\t\t\t\t\t\t<div class=\"elementor-element elementor-element-b2e4ebb elementor-widget elementor-widget-heading\" data-id=\"b2e4ebb\" data-element_type=\"widget\" data-widget_type=\"heading.default\">\n\t\t\t\t<div class=\"elementor-widget-container\">\n\t\t\t<h2 class=\"elementor-heading-title elementor-size-default\">GOOGLE MEU NEG\u00d3CIO e GOOGLE MAPS<\/h2>\t\t<\/div>\n\t\t\t\t<\/div>\n\t\t\t\t\t<\/div>\n\t\t<\/div>\n\t\t\t\t\t\t\t<\/div>\n\t\t<\/section>\n\t\t\t\t<section class=\"elementor-section elementor-top-section elementor-element elementor-element-11aa2ec elementor-section-boxed elementor-section-height-default elementor-section-height-default\" data-id=\"11aa2ec\" data-element_type=\"section\">\n\t\t\t\t\t\t<div class=\"elementor-container elementor-column-gap-default\">\n\t\t\t\t\t<div class=\"elementor-column elementor-col-100 elementor-top-column elementor-element elementor-element-7d4b99b\" data-id=\"7d4b99b\" data-element_type=\"column\">\n\t\t\t<div class=\"elementor-widget-wrap elementor-element-populated\">\n\t\t\t\t\t\t\t\t<div class=\"elementor-element elementor-element-2f89e57 elementor-widget elementor-widget-spacer\" data-id=\"2f89e57\" data-element_type=\"widget\" data-widget_type=\"spacer.default\">\n\t\t\t\t<div class=\"elementor-widget-container\">\n\t\t\t\t\t<div class=\"elementor-spacer\">\n\t\t\t<div class=\"elementor-spacer-inner\"><\/div>\n\t\t<\/div>\n\t\t\t\t<\/div>\n\t\t\t\t<\/div>\n\t\t\t\t\t<\/div>\n\t\t<\/div>\n\t\t\t\t\t\t\t<\/div>\n\t\t<\/section>\n\t\t\t\t<section class=\"elementor-section elementor-top-section elementor-element elementor-element-3f74e26 elementor-section-boxed elementor-section-height-default elementor-section-height-default\" data-id=\"3f74e26\" data-element_type=\"section\">\n\t\t\t\t\t\t<div class=\"elementor-container elementor-column-gap-default\">\n\t\t\t\t\t<div class=\"elementor-column elementor-col-100 elementor-top-column elementor-element elementor-element-626133d\" data-id=\"626133d\" data-element_type=\"column\">\n\t\t\t<div class=\"elementor-widget-wrap elementor-element-populated\">\n\t\t\t\t\t\t\t\t<div class=\"elementor-element elementor-element-210997f elementor-widget elementor-widget-text-editor\" data-id=\"210997f\" data-element_type=\"widget\" data-widget_type=\"text-editor.default\">\n\t\t\t\t<div class=\"elementor-widget-container\">\n\t\t\t<style>\/*! elementor - v3.14.0 - 26-06-2023 *\/\n.elementor-widget-text-editor.elementor-drop-cap-view-stacked .elementor-drop-cap{background-color:#69727d;color:#fff}.elementor-widget-text-editor.elementor-drop-cap-view-framed .elementor-drop-cap{color:#69727d;border:3px solid;background-color:transparent}.elementor-widget-text-editor:not(.elementor-drop-cap-view-default) .elementor-drop-cap{margin-top:8px}.elementor-widget-text-editor:not(.elementor-drop-cap-view-default) .elementor-drop-cap-letter{width:1em;height:1em}.elementor-widget-text-editor .elementor-drop-cap{float:left;text-align:center;line-height:1;font-size:50px}.elementor-widget-text-editor .elementor-drop-cap-letter{display:inline-block}<\/style>\t\t\t\t<p><strong><span style=\"font-size: 17.5348px;\">Ol\u00e1 amigo,<\/span><\/strong><\/p><p><strong><span style=\"font-size: 17.5348px;\">Para iniciarmos nossa conversa, te pergunto:<\/span><\/strong><\/p><p><strong><span style=\"font-size: 17.5348px;\">Sua empresa j\u00e1 esta cadastrada no Google meu neg\u00f3cio? N\u00c3O?<\/span><\/strong><\/p><p><strong><span style=\"font-size: 17.5348px;\">Pois ent\u00e3o deixe-me explicar como ele funciona.\u00a0<\/span><\/strong><\/p><p><strong><span style=\"font-size: 17.5348px;\">O Google Meu Neg\u00f3cio \u00e9 uma ferramenta da Google, a qual ainda n\u00e3o \u00e9 muito explorada, por\u00e9m \u00e9 muito \u00fatil para o bom desempenho de neg\u00f3cios como o seu. Basicamente consiste em uma maneira de fazer com que o sua empresa tenha destaque em rela\u00e7\u00e3o aos concorrentes, dentro das pesquisas Google, e diga de passagem, todo mundo pesquisa tudo no Google hoje em dia.\u00a0<br \/><\/span><span style=\"font-size: 17.5348px;\">Voc\u00ea j\u00e1 se perguntou, o porque quando voc\u00ea pesquisa por &#8220;restaurantes em tal cidade&#8221;, ou &#8220;lojas em tal lugar&#8221; alguns neg\u00f3cios aparecem nas primeiras posi\u00e7\u00f5es e outros n\u00e3o?<br \/><\/span><span style=\"font-size: 17.5348px;\">E \u00e9 isso que o Google meu neg\u00f3cio faz, ele apresenta em destaque empresas com melhores requisitos, principalmente requisitos relativos a qualidade do cadastramento do neg\u00f3cio e tamb\u00e9m baseadas em avalia\u00e7\u00f5es.<br \/><\/span><span style=\"font-size: 17.5348px;\">Atualmente, como essa \u00e9 uma ferramenta pouco explorada existem profissionais se aproveitando da situa\u00e7\u00e3o, e cobrando valores bem elevados para fazer o cadastramento de neg\u00f3cios como o seu, por\u00e9m, como eu quero ajudar o maior numero poss\u00edvel de empreendedores,\u00a0 estou aqui ofertando pra voc\u00ea apenas o valor de R$198,00 por algo que poder\u00e1 elevar o seu fluxo de clientes e faturamento.<br \/><\/span><span style=\"font-size: 17.5348px;\">Bom, deixa eu me apresentar, sou Luiz Alberto, eu trabalho com marketing digital, e desenvolvi uma maneira r\u00e1pida e f\u00e1cil de fazer com que o seu neg\u00f3cio obtenha uma maior visibilidade nas pesquisas de busca como o Google.<br \/><\/span><span style=\"font-size: 17.5348px;\">Caso esteja interessado(a) clique no bot\u00e3o abaixo e aproveite essa oferta, obrigado pela aten\u00e7\u00e3o.<\/span><\/strong><\/p>\t\t\t\t\t\t<\/div>\n\t\t\t\t<\/div>\n\t\t\t\t\t<\/div>\n\t\t<\/div>\n\t\t\t\t\t\t\t<\/div>\n\t\t<\/section>\n\t\t\t\t<section class=\"elementor-section elementor-top-section elementor-element elementor-element-4199555 elementor-section-boxed elementor-section-height-default elementor-section-height-default\" data-id=\"4199555\" data-element_type=\"section\">\n\t\t\t\t\t\t<div class=\"elementor-container elementor-column-gap-default\">\n\t\t\t\t\t<div class=\"elementor-column elementor-col-100 elementor-top-column elementor-element elementor-element-cbc66ce\" data-id=\"cbc66ce\" data-element_type=\"column\">\n\t\t\t<div class=\"elementor-widget-wrap\">\n\t\t\t\t\t\t\t\t\t<\/div>\n\t\t<\/div>\n\t\t\t\t\t\t\t<\/div>\n\t\t<\/section>\n\t\t\t\t<section class=\"elementor-section elementor-top-section elementor-element elementor-element-86f710e elementor-section-boxed elementor-section-height-default elementor-section-height-default\" data-id=\"86f710e\" data-element_type=\"section\">\n\t\t\t\t\t\t<div class=\"elementor-container elementor-column-gap-default\">\n\t\t\t\t\t<div class=\"elementor-column elementor-col-100 elementor-top-column elementor-element elementor-element-fcfbd2b\" data-id=\"fcfbd2b\" data-element_type=\"column\">\n\t\t\t<div class=\"elementor-widget-wrap elementor-element-populated\">\n\t\t\t\t\t\t\t\t<div class=\"elementor-element elementor-element-ead539a elementor-widget elementor-widget-image\" data-id=\"ead539a\" data-element_type=\"widget\" data-widget_type=\"image.default\">\n\t\t\t\t<div class=\"elementor-widget-container\">\n\t\t\t\t\t\t\t\t\t\t\t\t\t\t\t<img decoding=\"async\" width=\"689\" height=\"455\" src=\"https:\/\/gvcursos.com.br\/wp-content\/uploads\/2023\/07\/Pizzaria-em-Piracicaba.png\" class=\"attachment-large size-large wp-image-287\" alt=\"\" loading=\"lazy\" srcset=\"https:\/\/gvcursos.com.br\/wp-content\/uploads\/2023\/07\/Pizzaria-em-Piracicaba.png 689w, https:\/\/gvcursos.com.br\/wp-content\/uploads\/2023\/07\/Pizzaria-em-Piracicaba-300x198.png 300w\" sizes=\"(max-width: 689px) 100vw, 689px\" \/>\t\t\t\t\t\t\t\t\t\t\t\t\t\t\t<\/div>\n\t\t\t\t<\/div>\n\t\t\t\t\t<\/div>\n\t\t<\/div>\n\t\t\t\t\t\t\t<\/div>\n\t\t<\/section>\n\t\t\t\t<section class=\"elementor-section elementor-top-section elementor-element elementor-element-268cee6 elementor-section-boxed elementor-section-height-default elementor-section-height-default\" data-id=\"268cee6\" data-element_type=\"section\">\n\t\t\t\t\t\t<div class=\"elementor-container elementor-column-gap-default\">\n\t\t\t\t\t<div class=\"elementor-column elementor-col-100 elementor-top-column elementor-element elementor-element-9e4cb91\" data-id=\"9e4cb91\" data-element_type=\"column\">\n\t\t\t<div class=\"elementor-widget-wrap elementor-element-populated\">\n\t\t\t\t\t\t\t\t<div class=\"elementor-element elementor-element-ab82a39 elementor-align-justify elementor-widget elementor-widget-button\" data-id=\"ab82a39\" data-element_type=\"widget\" data-widget_type=\"button.default\">\n\t\t\t\t<div class=\"elementor-widget-container\">\n\t\t\t\t\t<div class=\"elementor-button-wrapper\">\n\t\t\t<a class=\"elementor-button elementor-button-link elementor-size-lg\" href=\"#\">\n\t\t\t\t\t\t<span class=\"elementor-button-content-wrapper\">\n\t\t\t\t\t\t<span class=\"elementor-button-text\">EU CADASTRO SEU NEG\u00d3CIO PARA VOC\u00ca AQUI<\/span>\n\t\t<\/span>\n\t\t\t\t\t<\/a>\n\t\t<\/div>\n\t\t\t\t<\/div>\n\t\t\t\t<\/div>\n\t\t\t\t\t<\/div>\n\t\t<\/div>\n\t\t\t\t\t\t\t<\/div>\n\t\t<\/section>\n\t\t\t\t<section class=\"elementor-section elementor-top-section elementor-element elementor-element-bc45571 elementor-section-boxed elementor-section-height-default elementor-section-height-default\" data-id=\"bc45571\" data-element_type=\"section\">\n\t\t\t\t\t\t<div class=\"elementor-container elementor-column-gap-default\">\n\t\t\t\t\t<div class=\"elementor-column elementor-col-100 elementor-top-column elementor-element elementor-element-c9ed12d\" data-id=\"c9ed12d\" data-element_type=\"column\">\n\t\t\t<div class=\"elementor-widget-wrap elementor-element-populated\">\n\t\t\t\t\t\t\t\t<div class=\"elementor-element elementor-element-1536cbe elementor-widget elementor-widget-google_maps\" data-id=\"1536cbe\" data-element_type=\"widget\" data-widget_type=\"google_maps.default\">\n\t\t\t\t<div class=\"elementor-widget-container\">\n\t\t\t<style>\/*! elementor - v3.14.0 - 26-06-2023 *\/\n.elementor-widget-google_maps .elementor-widget-container{overflow:hidden}.elementor-widget-google_maps .elementor-custom-embed{line-height:0}.elementor-widget-google_maps iframe{height:300px}<\/style>\t\t<div class=\"elementor-custom-embed\">\n\t\t\t<iframe loading=\"lazy\"\n\t\t\t\t\tsrc=\"https:\/\/maps.google.com\/maps?q=Pizzaria%20em%20piracicaba&#038;t=m&#038;z=14&#038;output=embed&#038;iwloc=near\"\n\t\t\t\t\ttitle=\"Pizzaria em piracicaba\"\n\t\t\t\t\taria-label=\"Pizzaria em piracicaba\"\n\t\t\t><\/iframe>\n\t\t<\/div>\n\t\t\t\t<\/div>\n\t\t\t\t<\/div>\n\t\t\t\t\t<\/div>\n\t\t<\/div>\n\t\t\t\t\t\t\t<\/div>\n\t\t<\/section>\n\t\t\t\t<section class=\"elementor-section elementor-top-section elementor-element elementor-element-4eb2f62 elementor-section-boxed elementor-section-height-default elementor-section-height-default\" data-id=\"4eb2f62\" data-element_type=\"section\">\n\t\t\t\t\t\t<div class=\"elementor-container elementor-column-gap-default\">\n\t\t\t\t\t<div class=\"elementor-column elementor-col-100 elementor-top-column elementor-element elementor-element-4e2b5d2\" data-id=\"4e2b5d2\" data-element_type=\"column\">\n\t\t\t<div class=\"elementor-widget-wrap elementor-element-populated\">\n\t\t\t\t\t\t\t\t<div class=\"elementor-element elementor-element-26b6ea3 elementor-widget elementor-widget-spacer\" data-id=\"26b6ea3\" data-element_type=\"widget\" data-widget_type=\"spacer.default\">\n\t\t\t\t<div class=\"elementor-widget-container\">\n\t\t\t\t\t<div class=\"elementor-spacer\">\n\t\t\t<div class=\"elementor-spacer-inner\"><\/div>\n\t\t<\/div>\n\t\t\t\t<\/div>\n\t\t\t\t<\/div>\n\t\t\t\t<div class=\"elementor-element elementor-element-ae92fcb elementor-align-justify elementor-widget elementor-widget-button\" data-id=\"ae92fcb\" data-element_type=\"widget\" data-widget_type=\"button.default\">\n\t\t\t\t<div class=\"elementor-widget-container\">\n\t\t\t\t\t<div class=\"elementor-button-wrapper\">\n\t\t\t<a class=\"elementor-button elementor-button-link elementor-size-lg\" href=\"#\">\n\t\t\t\t\t\t<span class=\"elementor-button-content-wrapper\">\n\t\t\t\t\t\t<span class=\"elementor-button-text\">EU CADASTRO SEU NEG\u00d3CIO PARA VOC\u00ca AQUI<\/span>\n\t\t<\/span>\n\t\t\t\t\t<\/a>\n\t\t<\/div>\n\t\t\t\t<\/div>\n\t\t\t\t<\/div>\n\t\t\t\t\t<\/div>\n\t\t<\/div>\n\t\t\t\t\t\t\t<\/div>\n\t\t<\/section>\n\t\t\t\t<section class=\"elementor-section elementor-top-section elementor-element elementor-element-1ae4324 elementor-section-boxed elementor-section-height-default elementor-section-height-default\" data-id=\"1ae4324\" data-element_type=\"section\">\n\t\t\t\t\t\t<div class=\"elementor-container elementor-column-gap-default\">\n\t\t\t\t\t<div class=\"elementor-column elementor-col-100 elementor-top-column elementor-element elementor-element-6778679\" data-id=\"6778679\" data-element_type=\"column\">\n\t\t\t<div class=\"elementor-widget-wrap elementor-element-populated\">\n\t\t\t\t\t\t\t\t<div class=\"elementor-element elementor-element-10b5e89 elementor-widget elementor-widget-spacer\" data-id=\"10b5e89\" data-element_type=\"widget\" data-widget_type=\"spacer.default\">\n\t\t\t\t<div class=\"elementor-widget-container\">\n\t\t\t\t\t<div class=\"elementor-spacer\">\n\t\t\t<div class=\"elementor-spacer-inner\"><\/div>\n\t\t<\/div>\n\t\t\t\t<\/div>\n\t\t\t\t<\/div>\n\t\t\t\t\t<\/div>\n\t\t<\/div>\n\t\t\t\t\t\t\t<\/div>\n\t\t<\/section>\n\t\t\t\t<section class=\"elementor-section elementor-top-section elementor-element elementor-element-89f86d8 elementor-section-boxed elementor-section-height-default elementor-section-height-default\" data-id=\"89f86d8\" data-element_type=\"section\">\n\t\t\t\t\t\t<div class=\"elementor-container elementor-column-gap-default\">\n\t\t\t\t\t<div class=\"elementor-column elementor-col-100 elementor-top-column elementor-element elementor-element-a9ae986\" data-id=\"a9ae986\" data-element_type=\"column\">\n\t\t\t<div class=\"elementor-widget-wrap elementor-element-populated\">\n\t\t\t\t\t\t\t\t<div class=\"elementor-element elementor-element-f9f2991 elementor-align-justify elementor-widget__width-initial elementor-widget elementor-widget-button\" data-id=\"f9f2991\" data-element_type=\"widget\" data-widget_type=\"button.default\">\n\t\t\t\t<div class=\"elementor-widget-container\">\n\t\t\t\t\t<div class=\"elementor-button-wrapper\">\n\t\t\t<a class=\"elementor-button elementor-button-link elementor-size-lg\" href=\"https:\/\/gvcursos.com.br\/index.php\/google-home-office-2\/\">\n\t\t\t\t\t\t<span class=\"elementor-button-content-wrapper\">\n\t\t\t\t\t\t<span class=\"elementor-button-text\">AQUI VOC\u00ca MESMO CADASTRA SEU NEG\u00d3CIO<\/span>\n\t\t<\/span>\n\t\t\t\t\t<\/a>\n\t\t<\/div>\n\t\t\t\t<\/div>\n\t\t\t\t<\/div>\n\t\t\t\t\t<\/div>\n\t\t<\/div>\n\t\t\t\t\t\t\t<\/div>\n\t\t<\/section>\n\t\t\t\t\t\t\t<\/div>\n\t\t","protected":false},"excerpt":{"rendered":"<p>EU Cadastro para voc\u00ea! GOOGLE MEU NEG\u00d3CIO e GOOGLE MAPS Ol\u00e1 amigo, Para iniciarmos nossa conversa, te pergunto: Sua empresa j\u00e1 esta cadastrada no Google meu neg\u00f3cio? N\u00c3O? Pois ent\u00e3o deixe-me explicar como ele funciona.\u00a0 O Google Meu Neg\u00f3cio \u00e9 uma ferramenta da Google, a qual ainda n\u00e3o \u00e9 muito explorada, por\u00e9m \u00e9 muito \u00fatil [&hellip;]<\/p>\n","protected":false},"author":1,"featured_media":0,"parent":0,"menu_order":0,"comment_status":"closed","ping_status":"closed","template":"elementor_canvas","meta":[],"_links":{"self":[{"href":"https:\/\/gvcursos.com.br\/index.php\/wp-json\/wp\/v2\/pages\/250"}],"collection":[{"href":"https:\/\/gvcursos.com.br\/index.php\/wp-json\/wp\/v2\/pages"}],"about":[{"href":"https:\/\/gvcursos.com.br\/index.php\/wp-json\/wp\/v2\/types\/page"}],"author":[{"embeddable":true,"href":"https:\/\/gvcursos.com.br\/index.php\/wp-json\/wp\/v2\/users\/1"}],"replies":[{"embeddable":true,"href":"https:\/\/gvcursos.com.br\/index.php\/wp-json\/wp\/v2\/comments?post=250"}],"version-history":[{"count":134,"href":"https:\/\/gvcursos.com.br\/index.php\/wp-json\/wp\/v2\/pages\/250\/revisions"}],"predecessor-version":[{"id":563,"href":"https:\/\/gvcursos.com.br\/index.php\/wp-json\/wp\/v2\/pages\/250\/revisions\/563"}],"wp:attachment":[{"href":"https:\/\/gvcursos.com.br\/index.php\/wp-json\/wp\/v2\/media?parent=250"}],"curies":[{"name":"wp","href":"https:\/\/api.w.org\/{rel}","templated":true}]}}